{"id":63,"date":"2024-06-18T16:45:46","date_gmt":"2024-06-18T16:45:46","guid":{"rendered":"https:\/\/orionfibrae.com\/?page_id=63"},"modified":"2025-09-26T23:02:03","modified_gmt":"2025-09-26T23:02:03","slug":"nosotros","status":"publish","type":"page","link":"https:\/\/orionfibrae.com\/en\/nosotros\/","title":{"rendered":"About us"},"content":{"rendered":"<p>[et_pb_section fb_built=&#8221;1&#8243; admin_label=&#8221;Header&#8221; module_id=&#8221;acerca&#8221; _builder_version=&#8221;4.27.4&#8243; background_color=&#8221;#f1fafe&#8221; background_enable_image=&#8221;off&#8221; height=&#8221;442px&#8221; max_height=&#8221;467px&#8221; custom_padding=&#8221;||0px|||&#8221; background_last_edited=&#8221;on|phone&#8221; background_position_tablet=&#8221;center_right&#8221; locked=&#8221;off&#8221; global_colors_info=&#8221;{}&#8221;][et_pb_row column_structure=&#8221;3_5,2_5&#8243; _builder_version=&#8221;4.27.4&#8243; max_height=&#8221;406px&#8221; custom_padding=&#8221;||0px|||&#8221; global_colors_info=&#8221;{}&#8221;][et_pb_column type=&#8221;3_5&#8243; _builder_version=&#8221;4.16&#8243; global_colors_info=&#8221;{}&#8221;][et_pb_image src=&#8221;<a href=\"https:\/\/orionfibrae.com\/wp-content\/uploads\/2024\/07\/img006.jpeg&#038;#8221\">https:\/\/orionfibrae.com\/wp-content\/uploads\/2024\/07\/img006.jpeg&#038;#8221<\/a>; title_text=&#8221;img006&#8243; _builder_version=&#8221;4.27.4&#8243; transform_scale=&#8221;74%|74%&#8221; transform_translate=&#8221;97px|-134px&#8221; max_width_tablet=&#8221;400px&#8221; max_width_phone=&#8221;200px&#8221; max_width_last_edited=&#8221;on|desktop&#8221; min_height=&#8221;656px&#8221; height=&#8221;413px&#8221; custom_margin=&#8221;||-40px|-15vw|false|false&#8221; custom_margin_tablet=&#8221;|||0vw&#8221; custom_margin_phone=&#8221;&#8221; custom_margin_last_edited=&#8221;on|desktop&#8221; custom_padding=&#8221;||0px||false|false&#8221; animation_style=&#8221;zoom&#8221; animation_intensity_zoom=&#8221;5%&#8221; border_radii=&#8221;off||||&#8221; box_shadow_style=&#8221;preset2&#8243; box_shadow_horizontal=&#8221;20px&#8221; box_shadow_vertical=&#8221;20px&#8221; locked=&#8221;off&#8221; global_colors_info=&#8221;{}&#8221;][\/et_pb_image][\/et_pb_column][et_pb_column type=&#8221;2_5&#8243; _builder_version=&#8221;4.16&#8243; global_colors_info=&#8221;{}&#8221;][et_pb_text _builder_version=&#8221;4.27.0&#8243; text_font=&#8221;Overpass|300|||||||&#8221; text_font_size=&#8221;18px&#8221; text_line_height=&#8221;1.8em&#8221; width=&#8221;100%&#8221; text_font_size_tablet=&#8221;&#8221; text_font_size_phone=&#8221;14px&#8221; text_font_size_last_edited=&#8221;on|desktop&#8221; locked=&#8221;off&#8221; global_colors_info=&#8221;{}&#8221;]<\/p>\n<p style=\"text-align: justify;\"><strong>Ori\u00f3n Fibra E<\/strong> es un veh\u00edculo financiero mexicano cuyo prop\u00f3sito es la <strong>administraci\u00f3n de inversiones<\/strong> en proyectos estabilizados de infraestructura y energ\u00eda, que ofrece una<strong> gesti\u00f3n eficiente<\/strong> y un s\u00f3lido <strong>gobierno corporativo<\/strong>.\u00a0<\/p>\n<p style=\"text-align: justify;\"><strong>\u200bFibra Ori\u00f3n<\/strong> mantiene inversiones tanto en proyectos de <strong>infraestructura como de energ\u00eda<\/strong> en los distintos subsectores permitidos por la normatividad aplicable a la <strong>Fibra E<\/strong>.<\/p>\n<p style=\"text-align: justify;\">Los activos objeto de inversi\u00f3n se encuentran exclusivamente dentro del territorio nacional.<\/p>\n<p style=\"text-align: justify;\">Adem\u00e1s de sus activos en administraci\u00f3n, <strong>Ori\u00f3n Fibra-E<\/strong> explora activamente nuevos proyectos, por lo que cuenta con un portafolio robusto de oportunidades de inversi\u00f3n en an\u00e1lisis.<\/p>\n<p>[\/et_pb_text][\/et_pb_column][\/et_pb_row][\/et_pb_section][et_pb_section fb_built=&#8221;1&#8243; _builder_version=&#8221;4.27.0&#8243; _module_preset=&#8221;default&#8221; background_image=&#8221;<a href=\"https:\/\/orionfibrae.com\/wp-content\/uploads\/2024\/06\/cyber-security-08.png&#038;#8221\">https:\/\/orionfibrae.com\/wp-content\/uploads\/2024\/06\/cyber-security-08.png&#038;#8221<\/a>; custom_padding=&#8221;21px||54px|||&#8221; global_colors_info=&#8221;{}&#8221;][et_pb_row column_structure=&#8221;1_2,1_2&#8243; _builder_version=&#8221;4.27.4&#8243; _module_preset=&#8221;default&#8221; module_alignment=&#8221;center&#8221; custom_margin=&#8221;25px|auto||auto|false|false&#8221; custom_padding=&#8221;0px||0px|||&#8221; locked=&#8221;off&#8221; global_colors_info=&#8221;{}&#8221;][et_pb_column type=&#8221;1_2&#8243; _builder_version=&#8221;4.27.0&#8243; _module_preset=&#8221;default&#8221; global_colors_info=&#8221;{}&#8221;][et_pb_blurb url=&#8221;#lineamientos&#8221; use_icon=&#8221;on&#8221; font_icon=&#8221;&#x3b;||divi||400&#8243; icon_color=&#8221;#000000&#8243; image_icon_width=&#8221;50px&#8221; icon_alignment=&#8221;right&#8221; _builder_version=&#8221;4.27.4&#8243; _module_preset=&#8221;default&#8221; min_height=&#8221;47px&#8221; custom_margin=&#8221;-3px|-18px|||false|false&#8221; custom_padding=&#8221;0px||0px|||&#8221; link_option_url=&#8221;#proyectos&#8221; global_colors_info=&#8221;{}&#8221;][\/et_pb_blurb][\/et_pb_column][et_pb_column type=&#8221;1_2&#8243; _builder_version=&#8221;4.27.0&#8243; _module_preset=&#8221;default&#8221; global_colors_info=&#8221;{}&#8221;][\/et_pb_column][\/et_pb_row][et_pb_row module_id=&#8221;lineamientos&#8221; _builder_version=&#8221;4.27.4&#8243; _module_preset=&#8221;default&#8221; custom_margin=&#8221;|auto|162px|auto||&#8221; global_colors_info=&#8221;{}&#8221;][et_pb_column type=&#8221;4_4&#8243; _builder_version=&#8221;4.27.0&#8243; _module_preset=&#8221;default&#8221; global_colors_info=&#8221;{}&#8221;][et_pb_text module_id=&#8221;lineamientos&#8221; _builder_version=&#8221;4.27.4&#8243; _module_preset=&#8221;default&#8221; text_font_size=&#8221;16px&#8221; header_2_font=&#8221;|700|||||||&#8221; header_2_font_size=&#8221;30px&#8221; header_3_font=&#8221;Overpass|600|||||||&#8221; header_3_text_color=&#8221;#002c61&#8243; header_3_font_size=&#8221;30px&#8221; custom_margin=&#8221;20px||||false|false&#8221; border_width_bottom=&#8221;1px&#8221; border_color_bottom=&#8221;#002c61&#8243; locked=&#8221;off&#8221; global_colors_info=&#8221;{}&#8221;]<\/p>\n<h3>Lineamientos<\/h3>\n<p>[\/et_pb_text][et_pb_accordion toggle_icon=&#8221;&#xf055;||fa||900&#8243; icon_color=&#8221;#000000&#8243; use_icon_font_size=&#8221;on&#8221; icon_font_size=&#8221;18px&#8221; _builder_version=&#8221;4.27.4&#8243; _module_preset=&#8221;default&#8221; toggle_font=&#8221;|700|||||||&#8221; custom_margin=&#8221;40px||||false|false&#8221; global_colors_info=&#8221;{}&#8221;][et_pb_accordion_item title=&#8221;vac\u00edo&#8221; open=&#8221;on&#8221; _builder_version=&#8221;4.27.4&#8243; _module_preset=&#8221;default&#8221; custom_css_main_element=&#8221;display: none;&#8221; global_colors_info=&#8221;{}&#8221;][\/et_pb_accordion_item][et_pb_accordion_item title=&#8221;Misi\u00f3n&#8221; _builder_version=&#8221;4.27.4&#8243; _module_preset=&#8221;default&#8221; global_colors_info=&#8221;{}&#8221; open=&#8221;off&#8221;]<\/p>\n<p>Generar valor al <strong>portafolio de inversi\u00f3n<\/strong> integrado por proyectos estabilizados en los sectores de <strong>infraestructura y energ\u00eda<\/strong> mediante una administraci\u00f3n <strong>independiente, eficiente y diligente<\/strong>.<\/p>\n<p>[\/et_pb_accordion_item][et_pb_accordion_item title=&#8221;Visi\u00f3n&#8221; _builder_version=&#8221;4.27.0&#8243; _module_preset=&#8221;default&#8221; global_colors_info=&#8221;{}&#8221; open=&#8221;off&#8221;]<\/p>\n<p>Ser el <strong>veh\u00edculo financiero l\u00edder en M\u00e9xico<\/strong> y un referente internacional en la administraci\u00f3n de proyectos estabilizados en <strong>infraestructura y energ\u00eda<\/strong>.<\/p>\n<p>[\/et_pb_accordion_item][et_pb_accordion_item title=&#8221;Objetivos&#8221; _builder_version=&#8221;4.27.0&#8243; _module_preset=&#8221;default&#8221; global_colors_info=&#8221;{}&#8221; open=&#8221;off&#8221;]<\/p>\n<ul>\n<li>Superar las expectativas de distribuci\u00f3n de flujo de efectivo mediante la mejora continua de los resultados operativos y financieros.\u200b<\/li>\n<li>Generar una din\u00e1mica sostenible de apreciaci\u00f3n del capital a trav\u00e9s de compras acrecientes y un proceso de descubrimiento de precios eficiente.\u200b<\/li>\n<li>Fomentar una base de inversionistas diversificada y una estrategia de comunicaci\u00f3n efectiva con analistas e inversionistas.\u200b<\/li>\n<li>Integrar capital humano con amplia y probada experiencia en todas las actividades vinculadas a la cadena de valor de los proyectos.\u200b<\/li>\n<li>Propiciar una sana diversificaci\u00f3n del portafolio de activos que promueva la mitigaci\u00f3n de riesgos.\u200b<\/li>\n<li>Desarrollar e implementar mecanismos robustos de seguimiento y evaluaci\u00f3n de desempe\u00f1o de las Sociedades Elegibles.\u200b<\/li>\n<li>Contar con un gobierno corporativo que fortalezca los mecanismos de transparencia y rendici\u00f3n de cuentas, as\u00ed como la oportuna adopci\u00f3n y ejecuci\u00f3n de decisiones.<\/li>\n<li>Propiciar que las sociedades vinculadas a los proyectos incluyan en sus planes de negocio iniciativas de desarrollo sostenible y responsabilidad social, con un impacto positivo para las comunidades, el medio ambiente y la sociedad.<\/li>\n<\/ul>\n<p>[\/et_pb_accordion_item][\/et_pb_accordion][\/et_pb_column][\/et_pb_row][et_pb_row column_structure=&#8221;1_2,1_2&#8243; _builder_version=&#8221;4.27.4&#8243; _module_preset=&#8221;default&#8221; module_alignment=&#8221;center&#8221; custom_margin=&#8221;25px|auto||auto|false|false&#8221; custom_padding=&#8221;0px||0px|||&#8221; locked=&#8221;off&#8221; global_colors_info=&#8221;{}&#8221;][et_pb_column type=&#8221;1_2&#8243; _builder_version=&#8221;4.27.0&#8243; _module_preset=&#8221;default&#8221; global_colors_info=&#8221;{}&#8221;][et_pb_blurb url=&#8221;#equipo&#8221; use_icon=&#8221;on&#8221; font_icon=&#8221;&#x3b;||divi||400&#8243; icon_color=&#8221;#000000&#8243; image_icon_width=&#8221;50px&#8221; icon_alignment=&#8221;right&#8221; _builder_version=&#8221;4.27.0&#8243; _module_preset=&#8221;default&#8221; min_height=&#8221;47px&#8221; custom_margin=&#8221;-3px|-18px|||false|false&#8221; custom_padding=&#8221;0px||0px|||&#8221; link_option_url=&#8221;#proyectos&#8221; global_colors_info=&#8221;{}&#8221;][\/et_pb_blurb][\/et_pb_column][et_pb_column type=&#8221;1_2&#8243; _builder_version=&#8221;4.27.0&#8243; _module_preset=&#8221;default&#8221; global_colors_info=&#8221;{}&#8221;][et_pb_blurb url=&#8221;#acerca&#8221; use_icon=&#8221;on&#8221; font_icon=&#8221;&#x3a;||divi||400&#8243; icon_color=&#8221;#000000&#8243; image_icon_width=&#8221;50px&#8221; icon_alignment=&#8221;left&#8221; _builder_version=&#8221;4.27.0&#8243; _module_preset=&#8221;default&#8221; min_height=&#8221;47px&#8221; custom_margin=&#8221;-3px|||-30px|false|false&#8221; custom_padding=&#8221;0px||0px|||&#8221; link_option_url=&#8221;#acerca&#8221; locked=&#8221;off&#8221; global_colors_info=&#8221;{}&#8221;][\/et_pb_blurb][\/et_pb_column][\/et_pb_row][et_pb_row module_id=&#8221;equipo&#8221; _builder_version=&#8221;4.27.0&#8243; _module_preset=&#8221;default&#8221; global_colors_info=&#8221;{}&#8221;][et_pb_column type=&#8221;4_4&#8243; _builder_version=&#8221;4.27.0&#8243; _module_preset=&#8221;default&#8221; global_colors_info=&#8221;{}&#8221;][et_pb_text module_id=&#8221;lineamientos&#8221; _builder_version=&#8221;4.27.0&#8243; _module_preset=&#8221;default&#8221; text_font_size=&#8221;16px&#8221; header_2_font=&#8221;|700|||||||&#8221; header_2_font_size=&#8221;30px&#8221; header_3_font=&#8221;Overpass|600|||||||&#8221; header_3_text_color=&#8221;#002c61&#8243; header_3_font_size=&#8221;30px&#8221; custom_margin=&#8221;20px||||false|false&#8221; border_width_bottom=&#8221;1px&#8221; border_color_bottom=&#8221;#002c61&#8243; global_colors_info=&#8221;{}&#8221;]<\/p>\n<h3>Equipo<\/h3>\n<p>[\/et_pb_text][et_pb_text _builder_version=&#8221;4.27.0&#8243; _module_preset=&#8221;default&#8221; text_font_size=&#8221;16px&#8221; global_colors_info=&#8221;{}&#8221;]<\/p>\n<p>El <strong>equipo de administraci\u00f3n<\/strong> cuenta con una amplia trayectoria en los sectores de <strong>infraestructura y energ\u00eda<\/strong>, en actividades relacionadas con la <strong>planeaci\u00f3n, administraci\u00f3n y supervisi\u00f3n de proyectos<\/strong> y de <strong>instrumentos financieros<\/strong>.<\/p>\n<p>&nbsp;<\/p>\n<p>Aunado a ello, el <strong>Equipo de Administraci\u00f3n<\/strong> se caracteriza por la diversificaci\u00f3n en los perfiles que lo componen, una combinaci\u00f3n de <strong>experiencias<\/strong> que genera <strong>sinergias<\/strong> para una m\u00e1s amplia <strong>visi\u00f3n del negocio<\/strong>, que con una <strong>estrategia de liderazgo<\/strong> enfocada a cubrir todos los frentes posibles se encuentra enfocada a la <strong>operaci\u00f3n eficiente<\/strong> y la <strong>disminuci\u00f3n de riesgos<\/strong>.<\/p>\n<p>[\/et_pb_text][\/et_pb_column][\/et_pb_row][et_pb_row column_structure=&#8221;1_4,1_4,1_4,1_4&#8243; _builder_version=&#8221;4.27.0&#8243; _module_preset=&#8221;default&#8221; height=&#8221;400px&#8221; global_colors_info=&#8221;{}&#8221;][et_pb_column type=&#8221;1_4&#8243; _builder_version=&#8221;4.27.0&#8243; _module_preset=&#8221;default&#8221; global_colors_info=&#8221;{}&#8221;][\/et_pb_column][et_pb_column type=&#8221;1_4&#8243; _builder_version=&#8221;4.27.0&#8243; _module_preset=&#8221;default&#8221; global_colors_info=&#8221;{}&#8221;][\/et_pb_column][et_pb_column type=&#8221;1_4&#8243; _builder_version=&#8221;4.27.0&#8243; _module_preset=&#8221;default&#8221; global_colors_info=&#8221;{}&#8221;][\/et_pb_column][et_pb_column type=&#8221;1_4&#8243; _builder_version=&#8221;4.27.0&#8243; _module_preset=&#8221;default&#8221; global_colors_info=&#8221;{}&#8221;][\/et_pb_column][\/et_pb_row][et_pb_row column_structure=&#8221;1_2,1_2&#8243; _builder_version=&#8221;4.27.0&#8243; _module_preset=&#8221;default&#8221; module_alignment=&#8221;center&#8221; custom_margin=&#8221;1px|auto||auto|false|false&#8221; custom_padding=&#8221;0px||0px|||&#8221; locked=&#8221;off&#8221; global_colors_info=&#8221;{}&#8221;][et_pb_column type=&#8221;1_2&#8243; _builder_version=&#8221;4.27.0&#8243; _module_preset=&#8221;default&#8221; global_colors_info=&#8221;{}&#8221;][et_pb_blurb url=&#8221;#gobierno&#8221; use_icon=&#8221;on&#8221; font_icon=&#8221;&#x3b;||divi||400&#8243; icon_color=&#8221;#000000&#8243; image_icon_width=&#8221;50px&#8221; icon_alignment=&#8221;right&#8221; _builder_version=&#8221;4.27.0&#8243; _module_preset=&#8221;default&#8221; min_height=&#8221;47px&#8221; custom_margin=&#8221;-3px|-18px|||false|false&#8221; custom_padding=&#8221;0px||0px|||&#8221; global_colors_info=&#8221;{}&#8221;][\/et_pb_blurb][\/et_pb_column][et_pb_column type=&#8221;1_2&#8243; _builder_version=&#8221;4.27.0&#8243; _module_preset=&#8221;default&#8221; global_colors_info=&#8221;{}&#8221;][et_pb_blurb url=&#8221;#lineamientos&#8221; use_icon=&#8221;on&#8221; font_icon=&#8221;&#x3a;||divi||400&#8243; icon_color=&#8221;#000000&#8243; image_icon_width=&#8221;50px&#8221; icon_alignment=&#8221;left&#8221; _builder_version=&#8221;4.27.0&#8243; _module_preset=&#8221;default&#8221; min_height=&#8221;47px&#8221; custom_margin=&#8221;-3px|||-30px|false|false&#8221; custom_padding=&#8221;0px||0px|||&#8221; link_option_url=&#8221;#lineamientos&#8221; locked=&#8221;off&#8221; global_colors_info=&#8221;{}&#8221;][\/et_pb_blurb][\/et_pb_column][\/et_pb_row][et_pb_row module_id=&#8221;gobierno&#8221; _builder_version=&#8221;4.27.0&#8243; _module_preset=&#8221;default&#8221; global_colors_info=&#8221;{}&#8221;][et_pb_column type=&#8221;4_4&#8243; _builder_version=&#8221;4.27.0&#8243; _module_preset=&#8221;default&#8221; global_colors_info=&#8221;{}&#8221;][et_pb_text module_id=&#8221;lineamientos&#8221; _builder_version=&#8221;4.27.0&#8243; _module_preset=&#8221;default&#8221; text_font_size=&#8221;16px&#8221; header_2_font=&#8221;|700|||||||&#8221; header_2_font_size=&#8221;30px&#8221; header_3_font=&#8221;Overpass|600|||||||&#8221; header_3_text_color=&#8221;#002c61&#8243; header_3_font_size=&#8221;30px&#8221; custom_margin=&#8221;20px||||false|false&#8221; border_width_bottom=&#8221;1px&#8221; border_color_bottom=&#8221;#002c61&#8243; global_colors_info=&#8221;{}&#8221;]<\/p>\n<h3>Gobierno Corporativo<\/h3>\n<p>[\/et_pb_text][et_pb_text _builder_version=&#8221;4.27.0&#8243; _module_preset=&#8221;default&#8221; text_font_size=&#8221;16px&#8221; global_colors_info=&#8221;{}&#8221;]<\/p>\n<p style=\"text-align: justify;\"><strong>Ori\u00f3n Fibra-E<\/strong> cuenta con un gobierno corporativo s\u00f3lido alineado con los \u201c<strong>Principios de Gobierno Corporativo de la OCDE y del G20<\/strong>\u201d, fomentando sus elementos esenciales para incorporar mejores pr\u00e1cticas.<\/p>\n<p>[\/et_pb_text][et_pb_accordion toggle_icon=&#8221;&#xf055;||fa||900&#8243; icon_color=&#8221;#000000&#8243; use_icon_font_size=&#8221;on&#8221; icon_font_size=&#8221;18px&#8221; _builder_version=&#8221;4.27.4&#8243; _module_preset=&#8221;default&#8221; toggle_font=&#8221;|700|||||||&#8221; global_colors_info=&#8221;{}&#8221;][et_pb_accordion_item title=&#8221;vacio&#8221; _builder_version=&#8221;4.27.4&#8243; _module_preset=&#8221;default&#8221; custom_css_main_element=&#8221;display: none;&#8221; global_colors_info=&#8221;{}&#8221; open=&#8221;on&#8221;][\/et_pb_accordion_item][et_pb_accordion_item title=&#8221;Asamblea de Tenedores&#8221; _builder_version=&#8221;4.27.0&#8243; _module_preset=&#8221;default&#8221; global_colors_info=&#8221;{}&#8221; open=&#8221;off&#8221;]<\/p>\n<p><span>Todos los accionistas de la misma clase gozan de un tratamiento igualitario. Se revelan las estructuras de capital y los sistemas que permitan que determinados accionistas adquieran un nivel de influencia o control desproporcionado con respecto a su participaci\u00f3n.<\/span><\/p>\n<p>[\/et_pb_accordion_item][et_pb_accordion_item title=&#8221;Comit\u00e9 T\u00e9cnico&#8221; _builder_version=&#8221;4.27.0&#8243; _module_preset=&#8221;default&#8221; global_colors_info=&#8221;{}&#8221; open=&#8221;off&#8221;]<\/p>\n<p>Desempe\u00f1an funciones clave como revisar y orientar la estrategia corporativa, los presupuestos anuales y los planes de negocio, as\u00ed como supervisar la inversi\u00f3n en activos, adquisiciones y desinversiones de mayor cuant\u00eda.<\/p>\n<p>[\/et_pb_accordion_item][et_pb_accordion_item title=&#8221;Comit\u00e9s Conflictos \/ Inversiones \/ Nominaciones&#8221; _builder_version=&#8221;4.27.0&#8243; _module_preset=&#8221;default&#8221; global_colors_info=&#8221;{}&#8221; open=&#8221;off&#8221;]<\/p>\n<p><span>Comit\u00e9s especializados que apoyan en funciones como gesti\u00f3n de riesgo, auditor\u00edas y retribuciones.<\/span><\/p>\n<p><span>\u00a0<\/span><\/p>\n<p>[\/et_pb_accordion_item][et_pb_accordion_item title=&#8221;Integridad en el Cumplimiento Corporativo&#8221; open=&#8221;off&#8221; _builder_version=&#8221;4.27.0&#8243; _module_preset=&#8221;default&#8221; global_colors_info=&#8221;{}&#8221;]<\/p>\n<p>Con el fin de elevar la calidad y la competitividad de los servicios que realizamos, contamos con un marco de actuaci\u00f3n interno basado en un C\u00f3digo de \u00c9tica y en una Pol\u00edtica Anticorrupci\u00f3n, que tienen por objeto reflejar los valores corporativos y principios b\u00e1sicos que gu\u00edan la conducta de nuestros colaboradores, y dem\u00e1s personas relacionadas en sus actividades.<\/p>\n<p>[\/et_pb_accordion_item][\/et_pb_accordion][\/et_pb_column][\/et_pb_row][et_pb_row _builder_version=&#8221;4.27.0&#8243; _module_preset=&#8221;default&#8221; module_alignment=&#8221;center&#8221; custom_margin=&#8221;1px|auto||auto|false|false&#8221; custom_padding=&#8221;0px||0px|||&#8221; locked=&#8221;off&#8221; global_colors_info=&#8221;{}&#8221;][et_pb_column type=&#8221;4_4&#8243; _builder_version=&#8221;4.27.0&#8243; _module_preset=&#8221;default&#8221; global_colors_info=&#8221;{}&#8221;][et_pb_blurb url=&#8221;#equipo&#8221; use_icon=&#8221;on&#8221; font_icon=&#8221;&#x3a;||divi||400&#8243; icon_color=&#8221;#000000&#8243; image_icon_width=&#8221;50px&#8221; _builder_version=&#8221;4.27.0&#8243; _module_preset=&#8221;default&#8221; min_height=&#8221;47px&#8221; custom_margin=&#8221;-3px|-18px|||false|false&#8221; custom_padding=&#8221;0px||0px|||&#8221; link_option_url=&#8221;#proyectos&#8221; global_colors_info=&#8221;{}&#8221;][\/et_pb_blurb][\/et_pb_column][\/et_pb_row][\/et_pb_section]<\/p>\n","protected":false},"excerpt":{"rendered":"<p>Ori\u00f3n Fibra E es un veh\u00edculo financiero mexicano cuyo prop\u00f3sito es la administraci\u00f3n de inversiones en proyectos estabilizados de infraestructura y energ\u00eda, que ofrece una gesti\u00f3n eficiente y un s\u00f3lido gobierno corporativo.\u00a0 \u200bFibra Ori\u00f3n mantiene inversiones tanto en proyectos de infraestructura como de energ\u00eda en los distintos subsectores permitidos por la normatividad aplicable a la [&hellip;]<\/p>\n","protected":false},"author":1,"featured_media":0,"parent":0,"menu_order":0,"comment_status":"closed","ping_status":"closed","template":"","meta":{"_et_pb_use_builder":"on","_et_pb_old_content":"","_et_gb_content_width":"","_crdt_document":"","advanced_seo_description":"","jetpack_seo_html_title":"","jetpack_seo_noindex":false,"footnotes":""},"class_list":["post-63","page","type-page","status-publish","hentry"],"jetpack_shortlink":"https:\/\/wp.me\/PgcLAJ-11","_links":{"self":[{"href":"https:\/\/orionfibrae.com\/en\/wp-json\/wp\/v2\/pages\/63","targetHints":{"allow":["GET"]}}],"collection":[{"href":"https:\/\/orionfibrae.com\/en\/wp-json\/wp\/v2\/pages"}],"about":[{"href":"https:\/\/orionfibrae.com\/en\/wp-json\/wp\/v2\/types\/page"}],"author":[{"embeddable":true,"href":"https:\/\/orionfibrae.com\/en\/wp-json\/wp\/v2\/users\/1"}],"replies":[{"embeddable":true,"href":"https:\/\/orionfibrae.com\/en\/wp-json\/wp\/v2\/comments?post=63"}],"version-history":[{"count":64,"href":"https:\/\/orionfibrae.com\/en\/wp-json\/wp\/v2\/pages\/63\/revisions"}],"predecessor-version":[{"id":3584,"href":"https:\/\/orionfibrae.com\/en\/wp-json\/wp\/v2\/pages\/63\/revisions\/3584"}],"wp:attachment":[{"href":"https:\/\/orionfibrae.com\/en\/wp-json\/wp\/v2\/media?parent=63"}],"curies":[{"name":"wp","href":"https:\/\/api.w.org\/{rel}","templated":true}]}}